{"id":283,"date":"2012-11-18T10:16:15","date_gmt":"2012-11-18T08:16:15","guid":{"rendered":"http:\/\/www.eminko.com\/?page_id=283"},"modified":"2023-01-11T14:33:34","modified_gmt":"2023-01-11T12:33:34","slug":"info","status":"publish","type":"page","link":"https:\/\/www.eminko.com\/?page_id=283","title":{"rendered":"Contact"},"content":{"rendered":"<p><strong>Contact us<\/strong><\/p>\n<p>Company: EMINKO OY<br \/>\nAddress: Liisankatu 10<br \/>\n55100 Imatra<br \/>\nFinland<\/p>\n<p>Tel: +358 44 2840944<br \/>\nEmail: sales(at)eminko.com, firstname.surname(at)eminko.com<br \/>\nWeb page: http:\/\/www.eminko.com<\/p>\n<p><strong>Ota yhteytt\u00e4<\/strong><\/p>\n<p>Yritys: EMINKO OY<br \/>\nOsoite: Liisankatu 10<br \/>\n55100 Imatra<\/p>\n<p>Puh: 044 2840944<br \/>\nS\u00e4hk\u00f6posti: sales(at)eminko.com, etunimi.sukunimi(at)eminko.com<br \/>\nNettisivu: http:\/\/www.eminko.com<br \/>\n<!-- Global site tag (gtag.js) - Google Analytics --><br \/>\n<script async=\"\" src=\"https:\/\/www.googletagmanager.com\/gtag\/js?id=G-BKC69B4JMT\"><\/script><br \/>\n<script><br \/>\n  window.dataLayer = window.dataLayer || [];<br \/>\n  function gtag(){dataLayer.push(arguments);}<br \/>\n  gtag('js', new Date());<\/p>\n<p>  gtag('config', 'G-BKC69B4JMT');<br \/>\n<\/script><br \/>\n<script><br \/>\n    (function(w,d,t,r,u)<br \/>\n    {<br \/>\n        var f,n,i;<br \/>\n        w[u]=w[u]||[],f=function()<br \/>\n        {<br \/>\n            var o={ti:\"136016987\"};<br \/>\n            o.q=w[u],w[u]=new UET(o),w[u].push(\"pageLoad\")<br \/>\n        },<br \/>\n        n=d.createElement(t),n.src=r,n.async=1,n.onload=n.onreadystatechange=function()<br \/>\n        {<br \/>\n            var s=this.readyState;<br \/>\n            s&&s!==\"loaded\"&&s!==\"complete\"||(f(),n.onload=n.onreadystatechange=null)<br \/>\n        },<br \/>\n        i=d.getElementsByTagName(t)[0],i.parentNode.insertBefore(n,i)<br \/>\n    })<br \/>\n    (window,document,\"script\",\"\/\/bat.bing.com\/bat.js\",\"uetq\");<br \/>\n<\/script><br \/>\n<script><br \/>\n     window.uetq = window.uetq || [];<br \/>\n     window.uetq.push('event', '', {\"revenue_value\":30000,\"currency\":\"EUR\"});<br \/>\n<\/script><br \/>\n<script><br \/>\n    (function(w,d,t,r,u)<br \/>\n    {<br \/>\n        var f,n,i;<br \/>\n        w[u]=w[u]||[],f=function()<br \/>\n        {<br \/>\n            var o={ti:\"136016987\"};<br \/>\n            o.q=w[u],w[u]=new UET(o),w[u].push(\"pageLoad\")<br \/>\n        },<br \/>\n        n=d.createElement(t),n.src=r,n.async=1,n.onload=n.onreadystatechange=function()<br \/>\n        {<br \/>\n            var s=this.readyState;<br \/>\n            s&&s!==\"loaded\"&&s!==\"complete\"||(f(),n.onload=n.onreadystatechange=null)<br \/>\n        },<br \/>\n        i=d.getElementsByTagName(t)[0],i.parentNode.insertBefore(n,i)<br \/>\n    })<br \/>\n    (window,document,\"script\",\"\/\/bat.bing.com\/bat.js\",\"uetq\");<br \/>\n<\/script><br \/>\n<script>(function(w,d,t,r,u){var f,n,i;w[u]=w[u]||[],f=function(){var o={ti:\"136016987\"};o.q=w[u],w[u]=new UET(o),w[u].push(\"pageLoad\")},n=d.createElement(t),n.src=r,n.async=1,n.onload=n.onreadystatechange=function(){var s=this.readyState;s&&s!==\"loaded\"&&s!==\"complete\"||(f(),n.onload=n.onreadystatechange=null)},i=d.getElementsByTagName(t)[0],i.parentNode.insertBefore(n,i)})(window,document,\"script\",\"\/\/bat.bing.com\/bat.js\",\"uetq\");<\/script><\/p>\n","protected":false},"excerpt":{"rendered":"<p>Contact us Company: EMINKO OY Address: Liisankatu 10 55100 Imatra Finland Tel: +358 44 2840944 Email: sales(at)eminko.com, firstname.surname(at)eminko.com Web page: http:\/\/www.eminko.com Ota yhteytt\u00e4 Yritys: EMINKO OY Osoite: Liisankatu 10 55100 Imatra Puh: 044 2840944 S\u00e4hk\u00f6posti: sales(at)eminko.com, etunimi.sukunimi(at)eminko.com Nettisivu: http:\/\/www.eminko.com<\/p>\n","protected":false},"author":1,"featured_media":0,"parent":0,"menu_order":3,"comment_status":"closed","ping_status":"closed","template":"","meta":{"om_disable_all_campaigns":false,"_monsterinsights_skip_tracking":false,"_monsterinsights_sitenote_active":false,"_monsterinsights_sitenote_note":"","_monsterinsights_sitenote_category":0,"_uf_show_specific_survey":0,"_uf_disable_surveys":false,"footnotes":""},"class_list":["post-283","page","type-page","status-publish","hentry"],"aioseo_notices":[],"jetpack_sharing_enabled":true,"_links":{"self":[{"href":"https:\/\/www.eminko.com\/index.php?rest_route=\/wp\/v2\/pages\/283","targetHints":{"allow":["GET"]}}],"collection":[{"href":"https:\/\/www.eminko.com\/index.php?rest_route=\/wp\/v2\/pages"}],"about":[{"href":"https:\/\/www.eminko.com\/index.php?rest_route=\/wp\/v2\/types\/page"}],"author":[{"embeddable":true,"href":"https:\/\/www.eminko.com\/index.php?rest_route=\/wp\/v2\/users\/1"}],"replies":[{"embeddable":true,"href":"https:\/\/www.eminko.com\/index.php?rest_route=%2Fwp%2Fv2%2Fcomments&post=283"}],"version-history":[{"count":11,"href":"https:\/\/www.eminko.com\/index.php?rest_route=\/wp\/v2\/pages\/283\/revisions"}],"predecessor-version":[{"id":1429,"href":"https:\/\/www.eminko.com\/index.php?rest_route=\/wp\/v2\/pages\/283\/revisions\/1429"}],"wp:attachment":[{"href":"https:\/\/www.eminko.com\/index.php?rest_route=%2Fwp%2Fv2%2Fmedia&parent=283"}],"curies":[{"name":"wp","href":"https:\/\/api.w.org\/{rel}","templated":true}]}}