{"id":38,"date":"2012-11-13T17:30:00","date_gmt":"2012-11-13T17:30:00","guid":{"rendered":"http:\/\/www.eminko.com\/?page_id=38"},"modified":"2023-01-11T14:43:46","modified_gmt":"2023-01-11T12:43:46","slug":"management","status":"publish","type":"page","link":"https:\/\/www.eminko.com\/?page_id=38","title":{"rendered":"Management"},"content":{"rendered":"<p><img loading=\"lazy\" decoding=\"async\" class=\"size-medium wp-image-823 aligncenter\" src=\"http:\/\/www.eminko.com\/wp-content\/uploads\/2017\/03\/KaukoM\u00e4\u00e4tt\u00e4_31-237x300.jpg\" alt=\"\" width=\"237\" height=\"300\" srcset=\"https:\/\/www.eminko.com\/wp-content\/uploads\/2017\/03\/KaukoM\u00e4\u00e4tt\u00e4_31-237x300.jpg 237w, https:\/\/www.eminko.com\/wp-content\/uploads\/2017\/03\/KaukoM\u00e4\u00e4tt\u00e4_31-768x974.jpg 768w, https:\/\/www.eminko.com\/wp-content\/uploads\/2017\/03\/KaukoM\u00e4\u00e4tt\u00e4_31-808x1024.jpg 808w\" sizes=\"auto, (max-width: 237px) 100vw, 237px\" \/><\/p>\n<p>Kauko M\u00e4\u00e4tt\u00e4<\/p>\n<p>CEO<\/p>\n<p>M.Sc &nbsp;Environmental technology + business knowledge<\/p>\n<p>B.Sc&nbsp; &nbsp;Machine design<\/p>\n<p>Diplomi-insin\u00f6\u00f6ri&nbsp; ymp\u00e4rist\u00f6tekniikka + liiketoimintaosaaminen<\/p>\n<p>Insin\u00f6\u00f6ri koneensuunnittelu<br \/>\n<!-- Global site tag (gtag.js) - Google Analytics --><br \/>\n<script async=\"\" src=\"https:\/\/www.googletagmanager.com\/gtag\/js?id=G-BKC69B4JMT\"><\/script><br \/>\n<script><br \/>\n  window.dataLayer = window.dataLayer || [];<br \/>\n  function gtag(){dataLayer.push(arguments);}<br \/>\n  gtag('js', new Date());<\/p>\n<p>  gtag('config', 'G-BKC69B4JMT');<br \/>\n<\/script><br \/>\n<script>(function(w,d,t,r,u){var f,n,i;w[u]=w[u]||[],f=function(){var o={ti:\"136016987\"};o.q=w[u],w[u]=new UET(o),w[u].push(\"pageLoad\")},n=d.createElement(t),n.src=r,n.async=1,n.onload=n.onreadystatechange=function(){var s=this.readyState;s&&s!==\"loaded\"&&s!==\"complete\"||(f(),n.onload=n.onreadystatechange=null)},i=d.getElementsByTagName(t)[0],i.parentNode.insertBefore(n,i)})(window,document,\"script\",\"\/\/bat.bing.com\/bat.js\",\"uetq\");<\/script><\/p>\n","protected":false},"excerpt":{"rendered":"<p>Kauko M\u00e4\u00e4tt\u00e4 CEO M.Sc &nbsp;Environmental technology + business knowledge B.Sc&nbsp; &nbsp;Machine design Diplomi-insin\u00f6\u00f6ri&nbsp; ymp\u00e4rist\u00f6tekniikka + liiketoimintaosaaminen Insin\u00f6\u00f6ri koneensuunnittelu<\/p>\n","protected":false},"author":1,"featured_media":0,"parent":27,"menu_order":0,"comment_status":"closed","ping_status":"closed","template":"","meta":{"om_disable_all_campaigns":false,"_monsterinsights_skip_tracking":false,"_monsterinsights_sitenote_active":false,"_monsterinsights_sitenote_note":"","_monsterinsights_sitenote_category":0,"_uf_show_specific_survey":0,"_uf_disable_surveys":false,"footnotes":""},"class_list":["post-38","page","type-page","status-publish","hentry"],"aioseo_notices":[],"jetpack_sharing_enabled":true,"_links":{"self":[{"href":"https:\/\/www.eminko.com\/index.php?rest_route=\/wp\/v2\/pages\/38","targetHints":{"allow":["GET"]}}],"collection":[{"href":"https:\/\/www.eminko.com\/index.php?rest_route=\/wp\/v2\/pages"}],"about":[{"href":"https:\/\/www.eminko.com\/index.php?rest_route=\/wp\/v2\/types\/page"}],"author":[{"embeddable":true,"href":"https:\/\/www.eminko.com\/index.php?rest_route=\/wp\/v2\/users\/1"}],"replies":[{"embeddable":true,"href":"https:\/\/www.eminko.com\/index.php?rest_route=%2Fwp%2Fv2%2Fcomments&post=38"}],"version-history":[{"count":17,"href":"https:\/\/www.eminko.com\/index.php?rest_route=\/wp\/v2\/pages\/38\/revisions"}],"predecessor-version":[{"id":1432,"href":"https:\/\/www.eminko.com\/index.php?rest_route=\/wp\/v2\/pages\/38\/revisions\/1432"}],"up":[{"embeddable":true,"href":"https:\/\/www.eminko.com\/index.php?rest_route=\/wp\/v2\/pages\/27"}],"wp:attachment":[{"href":"https:\/\/www.eminko.com\/index.php?rest_route=%2Fwp%2Fv2%2Fmedia&parent=38"}],"curies":[{"name":"wp","href":"https:\/\/api.w.org\/{rel}","templated":true}]}}